{"id":146,"date":"2026-04-29T09:38:24","date_gmt":"2026-04-29T09:38:24","guid":{"rendered":"https:\/\/augier-vial-sharleen.mmigrenoble-dev.fr\/?page_id=146"},"modified":"2026-04-29T18:12:27","modified_gmt":"2026-04-29T18:12:27","slug":"projet-1","status":"publish","type":"page","link":"https:\/\/augier-vial-sharleen.mmigrenoble-dev.fr\/?page_id=146","title":{"rendered":"Projet 1"},"content":{"rendered":"\t\t<div data-elementor-type=\"wp-page\" data-elementor-id=\"146\" class=\"elementor elementor-146\">\n\t\t\t\t<div class=\"elementor-element elementor-element-040aae9 e-flex e-con-boxed wpr-particle-no wpr-jarallax-no wpr-parallax-no wpr-sticky-section-no wpr-equal-height-no e-con e-parent\" data-id=\"040aae9\" data-element_type=\"container\" data-e-type=\"container\">\n\t\t\t\t\t<div class=\"e-con-inner\">\n\t\t\t\t<div class=\"elementor-element elementor-element-2b60c79 elementor-widget elementor-widget-heading\" data-id=\"2b60c79\" data-element_type=\"widget\" data-e-type=\"widget\" data-widget_type=\"heading.default\">\n\t\t\t\t\t<h2 class=\"elementor-heading-title elementor-size-default\">Projet Mon Petit Jardin<\/h2>\t\t\t\t<\/div>\n\t\t\t\t<div class=\"elementor-element elementor-element-429f0e0 elementor-widget elementor-widget-image\" data-id=\"429f0e0\" data-element_type=\"widget\" data-e-type=\"widget\" data-widget_type=\"image.default\">\n\t\t\t\t\t\t\t\t\t\t\t\t\t\t\t<img fetchpriority=\"high\" decoding=\"async\" width=\"800\" height=\"566\" src=\"https:\/\/augier-vial-sharleen.mmigrenoble-dev.fr\/wp-content\/uploads\/2026\/04\/mon-petit-jardin-1024x724.jpg\" class=\"attachment-large size-large wp-image-94\" alt=\"\" srcset=\"https:\/\/augier-vial-sharleen.mmigrenoble-dev.fr\/wp-content\/uploads\/2026\/04\/mon-petit-jardin-1024x724.jpg 1024w, https:\/\/augier-vial-sharleen.mmigrenoble-dev.fr\/wp-content\/uploads\/2026\/04\/mon-petit-jardin-300x212.jpg 300w, https:\/\/augier-vial-sharleen.mmigrenoble-dev.fr\/wp-content\/uploads\/2026\/04\/mon-petit-jardin-768x543.jpg 768w, https:\/\/augier-vial-sharleen.mmigrenoble-dev.fr\/wp-content\/uploads\/2026\/04\/mon-petit-jardin-1536x1086.jpg 1536w, https:\/\/augier-vial-sharleen.mmigrenoble-dev.fr\/wp-content\/uploads\/2026\/04\/mon-petit-jardin-2048x1448.jpg 2048w\" sizes=\"(max-width: 800px) 100vw, 800px\" \/>\t\t\t\t\t\t\t\t\t\t\t\t\t\t\t<\/div>\n\t\t\t\t<div class=\"elementor-element elementor-element-731aee9 elementor-widget elementor-widget-text-editor\" data-id=\"731aee9\" data-element_type=\"widget\" data-e-type=\"widget\" data-widget_type=\"text-editor.default\">\n\t\t\t\t\t\t\t\t\t<p>Ce projet a \u00e9t\u00e9 r\u00e9alis\u00e9 en terminale.<\/p><p>Lors de ce projet, j&rsquo;ai d\u00fb cr\u00e9er une marque fictive nomm\u00e9e \u00ab\u00a0Mon Petit Jardin\u00a0\u00bb pour un p\u00e9pinieriste fictif<\/p>\t\t\t\t\t\t\t\t<\/div>\n\t\t\t\t\t<\/div>\n\t\t\t\t<\/div>\n\t\t<div class=\"elementor-element elementor-element-0a52401 e-grid e-con-boxed wpr-particle-no wpr-jarallax-no wpr-parallax-no wpr-sticky-section-no wpr-equal-height-no e-con e-parent\" data-id=\"0a52401\" data-element_type=\"container\" data-e-type=\"container\">\n\t\t\t\t\t<div class=\"e-con-inner\">\n\t\t<div class=\"elementor-element elementor-element-7c835e1 e-con-full e-flex wpr-particle-no wpr-jarallax-no wpr-parallax-no wpr-sticky-section-no wpr-equal-height-no e-con e-child\" data-id=\"7c835e1\" data-element_type=\"container\" data-e-type=\"container\">\n\t\t\t\t<div class=\"elementor-element elementor-element-48ee0ff elementor-widget elementor-widget-image\" data-id=\"48ee0ff\" data-element_type=\"widget\" data-e-type=\"widget\" data-widget_type=\"image.default\">\n\t\t\t\t\t\t\t\t\t\t\t\t\t\t\t<img decoding=\"async\" width=\"300\" height=\"208\" src=\"https:\/\/augier-vial-sharleen.mmigrenoble-dev.fr\/wp-content\/uploads\/2026\/04\/mood-board-300x208.jpg\" class=\"attachment-medium size-medium wp-image-39\" alt=\"\" srcset=\"https:\/\/augier-vial-sharleen.mmigrenoble-dev.fr\/wp-content\/uploads\/2026\/04\/mood-board-300x208.jpg 300w, https:\/\/augier-vial-sharleen.mmigrenoble-dev.fr\/wp-content\/uploads\/2026\/04\/mood-board.jpg 487w\" sizes=\"(max-width: 300px) 100vw, 300px\" \/>\t\t\t\t\t\t\t\t\t\t\t\t\t\t\t<\/div>\n\t\t\t\t<div class=\"elementor-element elementor-element-0fea1f0 elementor-widget elementor-widget-image\" data-id=\"0fea1f0\" data-element_type=\"widget\" data-e-type=\"widget\" data-widget_type=\"image.default\">\n\t\t\t\t\t\t\t\t\t\t\t\t\t\t\t<img decoding=\"async\" width=\"300\" height=\"209\" src=\"https:\/\/augier-vial-sharleen.mmigrenoble-dev.fr\/wp-content\/uploads\/2026\/04\/mood-board-2-300x209.jpg\" class=\"attachment-medium size-medium wp-image-38\" alt=\"\" srcset=\"https:\/\/augier-vial-sharleen.mmigrenoble-dev.fr\/wp-content\/uploads\/2026\/04\/mood-board-2-300x209.jpg 300w, https:\/\/augier-vial-sharleen.mmigrenoble-dev.fr\/wp-content\/uploads\/2026\/04\/mood-board-2.jpg 478w\" sizes=\"(max-width: 300px) 100vw, 300px\" \/>\t\t\t\t\t\t\t\t\t\t\t\t\t\t\t<\/div>\n\t\t\t\t<\/div>\n\t\t<div class=\"elementor-element elementor-element-44b69c2 e-con-full e-flex wpr-particle-no wpr-jarallax-no wpr-parallax-no wpr-sticky-section-no wpr-equal-height-no e-con e-child\" data-id=\"44b69c2\" data-element_type=\"container\" data-e-type=\"container\">\n\t\t\t\t<div class=\"elementor-element elementor-element-c06f04b elementor-widget elementor-widget-heading\" data-id=\"c06f04b\" data-element_type=\"widget\" data-e-type=\"widget\" data-widget_type=\"heading.default\">\n\t\t\t\t\t<h2 class=\"elementor-heading-title elementor-size-default\">Moodboard<\/h2>\t\t\t\t<\/div>\n\t\t\t\t<div class=\"elementor-element elementor-element-c4aee1f elementor-widget elementor-widget-text-editor\" data-id=\"c4aee1f\" data-element_type=\"widget\" data-e-type=\"widget\" data-widget_type=\"text-editor.default\">\n\t\t\t\t\t\t\t\t\t<p>Au d\u00e9but du projet, il fallait tout d&rsquo;abord r\u00e9aliser un moodboard.<\/p><p>Ce dernier servait \u00e0 rassembler nos id\u00e9es d&rsquo;inspirations.<\/p>\t\t\t\t\t\t\t\t<\/div>\n\t\t\t\t<\/div>\n\t\t<div class=\"elementor-element elementor-element-917d226 e-con-full e-flex wpr-particle-no wpr-jarallax-no wpr-parallax-no wpr-sticky-section-no wpr-equal-height-no e-con e-child\" data-id=\"917d226\" data-element_type=\"container\" data-e-type=\"container\">\n\t\t\t\t<div class=\"elementor-element elementor-element-ac59d05 elementor-widget elementor-widget-heading\" data-id=\"ac59d05\" data-element_type=\"widget\" data-e-type=\"widget\" data-widget_type=\"heading.default\">\n\t\t\t\t\t<h2 class=\"elementor-heading-title elementor-size-default\">Recherches<\/h2>\t\t\t\t<\/div>\n\t\t\t\t<div class=\"elementor-element elementor-element-5965cc6 elementor-widget elementor-widget-text-editor\" data-id=\"5965cc6\" data-element_type=\"widget\" data-e-type=\"widget\" data-widget_type=\"text-editor.default\">\n\t\t\t\t\t\t\t\t\t<p>Une fois le moodboard termin\u00e9, il fallait faire une recherches de logos.<\/p><p>Voici quelques unes de mes propositions.<\/p>\t\t\t\t\t\t\t\t<\/div>\n\t\t\t\t<\/div>\n\t\t<div class=\"elementor-element elementor-element-871be28 e-con-full e-flex wpr-particle-no wpr-jarallax-no wpr-parallax-no wpr-sticky-section-no wpr-equal-height-no e-con e-child\" data-id=\"871be28\" data-element_type=\"container\" data-e-type=\"container\">\n\t\t\t\t<div class=\"elementor-element elementor-element-4004367 elementor-widget elementor-widget-image\" data-id=\"4004367\" data-element_type=\"widget\" data-e-type=\"widget\" data-widget_type=\"image.default\">\n\t\t\t\t\t\t\t\t\t\t\t\t\t\t\t<img loading=\"lazy\" decoding=\"async\" width=\"800\" height=\"564\" src=\"https:\/\/augier-vial-sharleen.mmigrenoble-dev.fr\/wp-content\/uploads\/2026\/04\/BRNB42200A2FE31_000200-e1777460375959-1024x722.jpg\" class=\"attachment-large size-large wp-image-191\" alt=\"\" srcset=\"https:\/\/augier-vial-sharleen.mmigrenoble-dev.fr\/wp-content\/uploads\/2026\/04\/BRNB42200A2FE31_000200-e1777460375959-1024x722.jpg 1024w, https:\/\/augier-vial-sharleen.mmigrenoble-dev.fr\/wp-content\/uploads\/2026\/04\/BRNB42200A2FE31_000200-e1777460375959-300x211.jpg 300w, https:\/\/augier-vial-sharleen.mmigrenoble-dev.fr\/wp-content\/uploads\/2026\/04\/BRNB42200A2FE31_000200-e1777460375959-768x541.jpg 768w, https:\/\/augier-vial-sharleen.mmigrenoble-dev.fr\/wp-content\/uploads\/2026\/04\/BRNB42200A2FE31_000200-e1777460375959.jpg 1185w\" sizes=\"(max-width: 800px) 100vw, 800px\" \/>\t\t\t\t\t\t\t\t\t\t\t\t\t\t\t<\/div>\n\t\t\t\t<\/div>\n\t\t<div class=\"elementor-element elementor-element-d6c8f83 e-con-full e-flex wpr-particle-no wpr-jarallax-no wpr-parallax-no wpr-sticky-section-no wpr-equal-height-no e-con e-child\" data-id=\"d6c8f83\" data-element_type=\"container\" data-e-type=\"container\">\n\t\t\t\t<div class=\"elementor-element elementor-element-b43531c elementor-widget elementor-widget-image\" data-id=\"b43531c\" data-element_type=\"widget\" data-e-type=\"widget\" data-widget_type=\"image.default\">\n\t\t\t\t\t\t\t\t\t\t\t\t\t\t\t<img loading=\"lazy\" decoding=\"async\" width=\"300\" height=\"200\" src=\"https:\/\/augier-vial-sharleen.mmigrenoble-dev.fr\/wp-content\/uploads\/2026\/04\/carte-de-visite-1-300x200.jpg\" class=\"attachment-medium size-medium wp-image-36\" alt=\"\" srcset=\"https:\/\/augier-vial-sharleen.mmigrenoble-dev.fr\/wp-content\/uploads\/2026\/04\/carte-de-visite-1-300x200.jpg 300w, https:\/\/augier-vial-sharleen.mmigrenoble-dev.fr\/wp-content\/uploads\/2026\/04\/carte-de-visite-1-1024x683.jpg 1024w, https:\/\/augier-vial-sharleen.mmigrenoble-dev.fr\/wp-content\/uploads\/2026\/04\/carte-de-visite-1-768x512.jpg 768w, https:\/\/augier-vial-sharleen.mmigrenoble-dev.fr\/wp-content\/uploads\/2026\/04\/carte-de-visite-1.jpg 1063w\" sizes=\"(max-width: 300px) 100vw, 300px\" \/>\t\t\t\t\t\t\t\t\t\t\t\t\t\t\t<\/div>\n\t\t\t\t<div class=\"elementor-element elementor-element-0826d70 elementor-widget elementor-widget-image\" data-id=\"0826d70\" data-element_type=\"widget\" data-e-type=\"widget\" data-widget_type=\"image.default\">\n\t\t\t\t\t\t\t\t\t\t\t\t\t\t\t<img loading=\"lazy\" decoding=\"async\" width=\"300\" height=\"200\" src=\"https:\/\/augier-vial-sharleen.mmigrenoble-dev.fr\/wp-content\/uploads\/2026\/04\/carte-de-visite-2-300x200.jpg\" class=\"attachment-medium size-medium wp-image-37\" alt=\"\" srcset=\"https:\/\/augier-vial-sharleen.mmigrenoble-dev.fr\/wp-content\/uploads\/2026\/04\/carte-de-visite-2-300x200.jpg 300w, https:\/\/augier-vial-sharleen.mmigrenoble-dev.fr\/wp-content\/uploads\/2026\/04\/carte-de-visite-2-1024x683.jpg 1024w, https:\/\/augier-vial-sharleen.mmigrenoble-dev.fr\/wp-content\/uploads\/2026\/04\/carte-de-visite-2-768x512.jpg 768w, https:\/\/augier-vial-sharleen.mmigrenoble-dev.fr\/wp-content\/uploads\/2026\/04\/carte-de-visite-2.jpg 1063w\" sizes=\"(max-width: 300px) 100vw, 300px\" \/>\t\t\t\t\t\t\t\t\t\t\t\t\t\t\t<\/div>\n\t\t\t\t<\/div>\n\t\t<div class=\"elementor-element elementor-element-d0366df e-con-full e-flex wpr-particle-no wpr-jarallax-no wpr-parallax-no wpr-sticky-section-no wpr-equal-height-no e-con e-child\" data-id=\"d0366df\" data-element_type=\"container\" data-e-type=\"container\">\n\t\t\t\t<div class=\"elementor-element elementor-element-fa8fe16 elementor-widget elementor-widget-heading\" data-id=\"fa8fe16\" data-element_type=\"widget\" data-e-type=\"widget\" data-widget_type=\"heading.default\">\n\t\t\t\t\t<h2 class=\"elementor-heading-title elementor-size-default\">Mock-ups<\/h2>\t\t\t\t<\/div>\n\t\t\t\t<div class=\"elementor-element elementor-element-cfcad1b elementor-widget elementor-widget-text-editor\" data-id=\"cfcad1b\" data-element_type=\"widget\" data-e-type=\"widget\" data-widget_type=\"text-editor.default\">\n\t\t\t\t\t\t\t\t\t<p>Une fois le logo choisi et peaufiner, il \u00e9tait temps d&rsquo;appliquer le design sur diff\u00e9rents supports, notamment des cartes de visites.<\/p>\t\t\t\t\t\t\t\t<\/div>\n\t\t\t\t<\/div>\n\t\t<div class=\"elementor-element elementor-element-277e9c1 e-con-full e-flex wpr-particle-no wpr-jarallax-no wpr-parallax-no wpr-sticky-section-no wpr-equal-height-no e-con e-child\" data-id=\"277e9c1\" data-element_type=\"container\" data-e-type=\"container\">\n\t\t\t\t<div class=\"elementor-element elementor-element-984d010 elementor-widget elementor-widget-heading\" data-id=\"984d010\" data-element_type=\"widget\" data-e-type=\"widget\" data-widget_type=\"heading.default\">\n\t\t\t\t\t<h2 class=\"elementor-heading-title elementor-size-default\">Mock-ups interfaces web<\/h2>\t\t\t\t<\/div>\n\t\t\t\t<div class=\"elementor-element elementor-element-f859c9b elementor-widget elementor-widget-text-editor\" data-id=\"f859c9b\" data-element_type=\"widget\" data-e-type=\"widget\" data-widget_type=\"text-editor.default\">\n\t\t\t\t\t\t\t\t\t<p>Apr\u00e8s avoir appliqu\u00e9 le logo termin\u00e9 sur diff\u00e9rent supports, il fallait designer une interface de pages d&rsquo;accueil et de boutique sur mobile.<\/p><p>J&rsquo;ai donc r\u00e9aliser ces interfaces sur un mock-up de t\u00e9l\u00e9phone.<\/p>\t\t\t\t\t\t\t\t<\/div>\n\t\t\t\t<\/div>\n\t\t<div class=\"elementor-element elementor-element-125d0fe e-con-full e-flex wpr-particle-no wpr-jarallax-no wpr-parallax-no wpr-sticky-section-no wpr-equal-height-no e-con e-child\" data-id=\"125d0fe\" data-element_type=\"container\" data-e-type=\"container\">\n\t\t\t\t<div class=\"elementor-element elementor-element-6e23970 elementor-widget elementor-widget-image\" data-id=\"6e23970\" data-element_type=\"widget\" data-e-type=\"widget\" data-widget_type=\"image.default\">\n\t\t\t\t\t\t\t\t\t\t\t\t\t\t\t<img loading=\"lazy\" decoding=\"async\" width=\"300\" height=\"300\" src=\"https:\/\/augier-vial-sharleen.mmigrenoble-dev.fr\/wp-content\/uploads\/2026\/04\/page-daccueil-1-300x300.png\" class=\"attachment-medium size-medium wp-image-41\" alt=\"\" srcset=\"https:\/\/augier-vial-sharleen.mmigrenoble-dev.fr\/wp-content\/uploads\/2026\/04\/page-daccueil-1-300x300.png 300w, https:\/\/augier-vial-sharleen.mmigrenoble-dev.fr\/wp-content\/uploads\/2026\/04\/page-daccueil-1-1024x1024.png 1024w, https:\/\/augier-vial-sharleen.mmigrenoble-dev.fr\/wp-content\/uploads\/2026\/04\/page-daccueil-1-150x150.png 150w, https:\/\/augier-vial-sharleen.mmigrenoble-dev.fr\/wp-content\/uploads\/2026\/04\/page-daccueil-1-768x768.png 768w, https:\/\/augier-vial-sharleen.mmigrenoble-dev.fr\/wp-content\/uploads\/2026\/04\/page-daccueil-1-1536x1536.png 1536w, https:\/\/augier-vial-sharleen.mmigrenoble-dev.fr\/wp-content\/uploads\/2026\/04\/page-daccueil-1-2048x2048.png 2048w\" sizes=\"(max-width: 300px) 100vw, 300px\" \/>\t\t\t\t\t\t\t\t\t\t\t\t\t\t\t<\/div>\n\t\t\t\t<div class=\"elementor-element elementor-element-9335d0b elementor-widget elementor-widget-image\" data-id=\"9335d0b\" data-element_type=\"widget\" data-e-type=\"widget\" data-widget_type=\"image.default\">\n\t\t\t\t\t\t\t\t\t\t\t\t\t\t\t<img loading=\"lazy\" decoding=\"async\" width=\"300\" height=\"300\" src=\"https:\/\/augier-vial-sharleen.mmigrenoble-dev.fr\/wp-content\/uploads\/2026\/04\/ecran-shopping-300x300.png\" class=\"attachment-medium size-medium wp-image-42\" alt=\"\" srcset=\"https:\/\/augier-vial-sharleen.mmigrenoble-dev.fr\/wp-content\/uploads\/2026\/04\/ecran-shopping-300x300.png 300w, https:\/\/augier-vial-sharleen.mmigrenoble-dev.fr\/wp-content\/uploads\/2026\/04\/ecran-shopping-1024x1024.png 1024w, https:\/\/augier-vial-sharleen.mmigrenoble-dev.fr\/wp-content\/uploads\/2026\/04\/ecran-shopping-150x150.png 150w, https:\/\/augier-vial-sharleen.mmigrenoble-dev.fr\/wp-content\/uploads\/2026\/04\/ecran-shopping-768x768.png 768w, https:\/\/augier-vial-sharleen.mmigrenoble-dev.fr\/wp-content\/uploads\/2026\/04\/ecran-shopping-1536x1536.png 1536w, https:\/\/augier-vial-sharleen.mmigrenoble-dev.fr\/wp-content\/uploads\/2026\/04\/ecran-shopping-2048x2048.png 2048w\" sizes=\"(max-width: 300px) 100vw, 300px\" \/>\t\t\t\t\t\t\t\t\t\t\t\t\t\t\t<\/div>\n\t\t\t\t<\/div>\n\t\t\t\t\t<\/div>\n\t\t\t\t<\/div>\n\t\t\t\t<\/div>\n\t\t","protected":false},"excerpt":{"rendered":"<p>Projet Mon Petit Jardin Ce projet a \u00e9t\u00e9 r\u00e9alis\u00e9 en terminale. Lors de ce projet, j&rsquo;ai d\u00fb cr\u00e9er une marque fictive nomm\u00e9e \u00ab\u00a0Mon Petit Jardin\u00a0\u00bb pour un p\u00e9pinieriste fictif Moodboard Au d\u00e9but du projet, il fallait tout d&rsquo;abord r\u00e9aliser un moodboard. Ce dernier servait \u00e0 rassembler nos id\u00e9es d&rsquo;inspirations. Recherches Une fois le moodboard termin\u00e9, il fallait faire une recherches de logos. Voici quelques unes de mes propositions. Mock-ups Une fois le logo choisi et peaufiner, il \u00e9tait temps d&rsquo;appliquer le design sur diff\u00e9rents supports, notamment des cartes de visites. Mock-ups interfaces web Apr\u00e8s avoir appliqu\u00e9 le logo termin\u00e9 sur diff\u00e9rent supports, il fallait designer une interface de pages d&rsquo;accueil et de boutique sur mobile. J&rsquo;ai donc r\u00e9aliser ces interfaces sur un mock-up de t\u00e9l\u00e9phone.<\/p>\n","protected":false},"author":4,"featured_media":0,"parent":0,"menu_order":0,"comment_status":"closed","ping_status":"closed","template":"","meta":{"footnotes":""},"class_list":["post-146","page","type-page","status-publish","hentry"],"_links":{"self":[{"href":"https:\/\/augier-vial-sharleen.mmigrenoble-dev.fr\/index.php?rest_route=\/wp\/v2\/pages\/146","targetHints":{"allow":["GET"]}}],"collection":[{"href":"https:\/\/augier-vial-sharleen.mmigrenoble-dev.fr\/index.php?rest_route=\/wp\/v2\/pages"}],"about":[{"href":"https:\/\/augier-vial-sharleen.mmigrenoble-dev.fr\/index.php?rest_route=\/wp\/v2\/types\/page"}],"author":[{"embeddable":true,"href":"https:\/\/augier-vial-sharleen.mmigrenoble-dev.fr\/index.php?rest_route=\/wp\/v2\/users\/4"}],"replies":[{"embeddable":true,"href":"https:\/\/augier-vial-sharleen.mmigrenoble-dev.fr\/index.php?rest_route=%2Fwp%2Fv2%2Fcomments&post=146"}],"version-history":[{"count":22,"href":"https:\/\/augier-vial-sharleen.mmigrenoble-dev.fr\/index.php?rest_route=\/wp\/v2\/pages\/146\/revisions"}],"predecessor-version":[{"id":223,"href":"https:\/\/augier-vial-sharleen.mmigrenoble-dev.fr\/index.php?rest_route=\/wp\/v2\/pages\/146\/revisions\/223"}],"wp:attachment":[{"href":"https:\/\/augier-vial-sharleen.mmigrenoble-dev.fr\/index.php?rest_route=%2Fwp%2Fv2%2Fmedia&parent=146"}],"curies":[{"name":"wp","href":"https:\/\/api.w.org\/{rel}","templated":true}]}}