{"id":156,"date":"2026-04-29T11:53:16","date_gmt":"2026-04-29T11:53:16","guid":{"rendered":"https:\/\/augier-vial-sharleen.mmigrenoble-dev.fr\/?page_id=156"},"modified":"2026-04-29T18:10:15","modified_gmt":"2026-04-29T18:10:15","slug":"projet-2","status":"publish","type":"page","link":"https:\/\/augier-vial-sharleen.mmigrenoble-dev.fr\/?page_id=156","title":{"rendered":"Projet 2"},"content":{"rendered":"\t\t<div data-elementor-type=\"wp-page\" data-elementor-id=\"156\" class=\"elementor elementor-156\">\n\t\t\t\t<div class=\"elementor-element elementor-element-391a13b e-flex e-con-boxed wpr-particle-no wpr-jarallax-no wpr-parallax-no wpr-sticky-section-no wpr-equal-height-no e-con e-parent\" data-id=\"391a13b\" data-element_type=\"container\" data-e-type=\"container\">\n\t\t\t\t\t<div class=\"e-con-inner\">\n\t\t\t\t<div class=\"elementor-element elementor-element-bf2cded elementor-widget elementor-widget-heading\" data-id=\"bf2cded\" data-element_type=\"widget\" data-e-type=\"widget\" data-widget_type=\"heading.default\">\n\t\t\t\t\t<h2 class=\"elementor-heading-title elementor-size-default\">Identit\u00e9 visuelle pour la r\u00e9gion de Bretagne<\/h2>\t\t\t\t<\/div>\n\t\t\t\t<div class=\"elementor-element elementor-element-2b353ce elementor-widget elementor-widget-image\" data-id=\"2b353ce\" data-element_type=\"widget\" data-e-type=\"widget\" data-widget_type=\"image.default\">\n\t\t\t\t\t\t\t\t\t\t\t\t\t\t\t<img fetchpriority=\"high\" decoding=\"async\" width=\"734\" height=\"1024\" src=\"https:\/\/augier-vial-sharleen.mmigrenoble-dev.fr\/wp-content\/uploads\/2026\/04\/brochure-bretagne-734x1024.jpg\" class=\"attachment-large size-large wp-image-93\" alt=\"\" srcset=\"https:\/\/augier-vial-sharleen.mmigrenoble-dev.fr\/wp-content\/uploads\/2026\/04\/brochure-bretagne-734x1024.jpg 734w, https:\/\/augier-vial-sharleen.mmigrenoble-dev.fr\/wp-content\/uploads\/2026\/04\/brochure-bretagne-215x300.jpg 215w, https:\/\/augier-vial-sharleen.mmigrenoble-dev.fr\/wp-content\/uploads\/2026\/04\/brochure-bretagne-768x1072.jpg 768w, https:\/\/augier-vial-sharleen.mmigrenoble-dev.fr\/wp-content\/uploads\/2026\/04\/brochure-bretagne-1101x1536.jpg 1101w, https:\/\/augier-vial-sharleen.mmigrenoble-dev.fr\/wp-content\/uploads\/2026\/04\/brochure-bretagne-1468x2048.jpg 1468w, https:\/\/augier-vial-sharleen.mmigrenoble-dev.fr\/wp-content\/uploads\/2026\/04\/brochure-bretagne.jpg 1733w\" sizes=\"(max-width: 734px) 100vw, 734px\" \/>\t\t\t\t\t\t\t\t\t\t\t\t\t\t\t<\/div>\n\t\t\t\t\t<\/div>\n\t\t\t\t<\/div>\n\t\t<div class=\"elementor-element elementor-element-1dbc05d e-flex e-con-boxed wpr-particle-no wpr-jarallax-no wpr-parallax-no wpr-sticky-section-no wpr-equal-height-no e-con e-parent\" data-id=\"1dbc05d\" data-element_type=\"container\" data-e-type=\"container\">\n\t\t\t\t\t<div class=\"e-con-inner\">\n\t\t\t\t<div class=\"elementor-element elementor-element-cac1489 elementor-widget elementor-widget-text-editor\" data-id=\"cac1489\" data-element_type=\"widget\" data-e-type=\"widget\" data-widget_type=\"text-editor.default\">\n\t\t\t\t\t\t\t\t\t<p>Ce projet a \u00e9t\u00e9 r\u00e9alis\u00e9 en Premi\u00e8re.<\/p><p>J&rsquo;ai r\u00e9alis\u00e9 lors d&rsquo;un travail de groupe l&rsquo;identit\u00e9 visuelle d&rsquo;une r\u00e9gion au choix, et mon groupe a choisi la r\u00e9gion de Bretagne.<\/p>\t\t\t\t\t\t\t\t<\/div>\n\t\t\t\t\t<\/div>\n\t\t\t\t<\/div>\n\t\t<div class=\"elementor-element elementor-element-23e9c22 e-grid e-con-boxed wpr-particle-no wpr-jarallax-no wpr-parallax-no wpr-sticky-section-no wpr-equal-height-no e-con e-parent\" data-id=\"23e9c22\" data-element_type=\"container\" data-e-type=\"container\">\n\t\t\t\t\t<div class=\"e-con-inner\">\n\t\t<div class=\"elementor-element elementor-element-f1cd440 e-con-full e-flex wpr-particle-no wpr-jarallax-no wpr-parallax-no wpr-sticky-section-no wpr-equal-height-no e-con e-child\" data-id=\"f1cd440\" data-element_type=\"container\" data-e-type=\"container\">\n\t\t\t\t<div class=\"elementor-element elementor-element-96308f6 elementor-widget elementor-widget-heading\" data-id=\"96308f6\" data-element_type=\"widget\" data-e-type=\"widget\" data-widget_type=\"heading.default\">\n\t\t\t\t\t<h2 class=\"elementor-heading-title elementor-size-default\">Moodboard<\/h2>\t\t\t\t<\/div>\n\t\t\t\t<div class=\"elementor-element elementor-element-1585fa5 elementor-widget elementor-widget-text-editor\" data-id=\"1585fa5\" data-element_type=\"widget\" data-e-type=\"widget\" data-widget_type=\"text-editor.default\">\n\t\t\t\t\t\t\t\t\t<p>Au tout d\u00e9but du projet, mon groupe de travail et moi avons discut\u00e9 de nos id\u00e9es, et les avons rassembl\u00e9 dans un moodboard, afin de garder une id\u00e9e de nos inspirations pour ce projet.<\/p>\t\t\t\t\t\t\t\t<\/div>\n\t\t\t\t<\/div>\n\t\t<div class=\"elementor-element elementor-element-a1abb1e e-con-full e-flex wpr-particle-no wpr-jarallax-no wpr-parallax-no wpr-sticky-section-no wpr-equal-height-no e-con e-child\" data-id=\"a1abb1e\" data-element_type=\"container\" data-e-type=\"container\">\n\t\t\t\t<div class=\"elementor-element elementor-element-4a3fcb3 elementor-widget elementor-widget-image\" data-id=\"4a3fcb3\" data-element_type=\"widget\" data-e-type=\"widget\" data-widget_type=\"image.default\">\n\t\t\t\t\t\t\t\t\t\t\t\t\t\t\t<img decoding=\"async\" width=\"800\" height=\"566\" src=\"https:\/\/augier-vial-sharleen.mmigrenoble-dev.fr\/wp-content\/uploads\/2026\/04\/image-recherche-bretagne-groupe-mur-fontaine-augier-vial-1024x724.jpg\" class=\"attachment-large size-large wp-image-214\" alt=\"\" srcset=\"https:\/\/augier-vial-sharleen.mmigrenoble-dev.fr\/wp-content\/uploads\/2026\/04\/image-recherche-bretagne-groupe-mur-fontaine-augier-vial-1024x724.jpg 1024w, https:\/\/augier-vial-sharleen.mmigrenoble-dev.fr\/wp-content\/uploads\/2026\/04\/image-recherche-bretagne-groupe-mur-fontaine-augier-vial-300x212.jpg 300w, https:\/\/augier-vial-sharleen.mmigrenoble-dev.fr\/wp-content\/uploads\/2026\/04\/image-recherche-bretagne-groupe-mur-fontaine-augier-vial-768x543.jpg 768w, https:\/\/augier-vial-sharleen.mmigrenoble-dev.fr\/wp-content\/uploads\/2026\/04\/image-recherche-bretagne-groupe-mur-fontaine-augier-vial-1536x1086.jpg 1536w, https:\/\/augier-vial-sharleen.mmigrenoble-dev.fr\/wp-content\/uploads\/2026\/04\/image-recherche-bretagne-groupe-mur-fontaine-augier-vial-2048x1448.jpg 2048w\" sizes=\"(max-width: 800px) 100vw, 800px\" \/>\t\t\t\t\t\t\t\t\t\t\t\t\t\t\t<\/div>\n\t\t\t\t<\/div>\n\t\t<div class=\"elementor-element elementor-element-2542174 e-con-full e-flex wpr-particle-no wpr-jarallax-no wpr-parallax-no wpr-sticky-section-no wpr-equal-height-no e-con e-child\" data-id=\"2542174\" data-element_type=\"container\" data-e-type=\"container\">\n\t\t\t\t<div class=\"elementor-element elementor-element-2369f86 elementor-widget elementor-widget-image\" data-id=\"2369f86\" data-element_type=\"widget\" data-e-type=\"widget\" data-widget_type=\"image.default\">\n\t\t\t\t\t\t\t\t\t\t\t\t\t\t\t<img decoding=\"async\" width=\"300\" height=\"210\" src=\"https:\/\/augier-vial-sharleen.mmigrenoble-dev.fr\/wp-content\/uploads\/2026\/04\/Capture-decran-2026-04-29-164844-300x210.jpg\" class=\"attachment-medium size-medium wp-image-211\" alt=\"\" srcset=\"https:\/\/augier-vial-sharleen.mmigrenoble-dev.fr\/wp-content\/uploads\/2026\/04\/Capture-decran-2026-04-29-164844-300x210.jpg 300w, https:\/\/augier-vial-sharleen.mmigrenoble-dev.fr\/wp-content\/uploads\/2026\/04\/Capture-decran-2026-04-29-164844-1024x717.jpg 1024w, https:\/\/augier-vial-sharleen.mmigrenoble-dev.fr\/wp-content\/uploads\/2026\/04\/Capture-decran-2026-04-29-164844-768x538.jpg 768w, https:\/\/augier-vial-sharleen.mmigrenoble-dev.fr\/wp-content\/uploads\/2026\/04\/Capture-decran-2026-04-29-164844.jpg 1210w\" sizes=\"(max-width: 300px) 100vw, 300px\" \/>\t\t\t\t\t\t\t\t\t\t\t\t\t\t\t<\/div>\n\t\t\t\t<div class=\"elementor-element elementor-element-206ef5e elementor-widget elementor-widget-image\" data-id=\"206ef5e\" data-element_type=\"widget\" data-e-type=\"widget\" data-widget_type=\"image.default\">\n\t\t\t\t\t\t\t\t\t\t\t\t\t\t\t<img loading=\"lazy\" decoding=\"async\" width=\"300\" height=\"212\" src=\"https:\/\/augier-vial-sharleen.mmigrenoble-dev.fr\/wp-content\/uploads\/2026\/04\/Idees-logo_Page_2-300x212.jpg\" class=\"attachment-medium size-medium wp-image-213\" alt=\"\" srcset=\"https:\/\/augier-vial-sharleen.mmigrenoble-dev.fr\/wp-content\/uploads\/2026\/04\/Idees-logo_Page_2-300x212.jpg 300w, https:\/\/augier-vial-sharleen.mmigrenoble-dev.fr\/wp-content\/uploads\/2026\/04\/Idees-logo_Page_2-1024x724.jpg 1024w, https:\/\/augier-vial-sharleen.mmigrenoble-dev.fr\/wp-content\/uploads\/2026\/04\/Idees-logo_Page_2-768x543.jpg 768w, https:\/\/augier-vial-sharleen.mmigrenoble-dev.fr\/wp-content\/uploads\/2026\/04\/Idees-logo_Page_2-1536x1086.jpg 1536w, https:\/\/augier-vial-sharleen.mmigrenoble-dev.fr\/wp-content\/uploads\/2026\/04\/Idees-logo_Page_2-2048x1448.jpg 2048w\" sizes=\"(max-width: 300px) 100vw, 300px\" \/>\t\t\t\t\t\t\t\t\t\t\t\t\t\t\t<\/div>\n\t\t\t\t<\/div>\n\t\t<div class=\"elementor-element elementor-element-e1f5753 e-con-full e-flex wpr-particle-no wpr-jarallax-no wpr-parallax-no wpr-sticky-section-no wpr-equal-height-no e-con e-child\" data-id=\"e1f5753\" data-element_type=\"container\" data-e-type=\"container\">\n\t\t\t\t<div class=\"elementor-element elementor-element-4559fec elementor-widget elementor-widget-heading\" data-id=\"4559fec\" data-element_type=\"widget\" data-e-type=\"widget\" data-widget_type=\"heading.default\">\n\t\t\t\t\t<h2 class=\"elementor-heading-title elementor-size-default\">Recherches<\/h2>\t\t\t\t<\/div>\n\t\t\t\t<div class=\"elementor-element elementor-element-66f03df elementor-widget elementor-widget-text-editor\" data-id=\"66f03df\" data-element_type=\"widget\" data-e-type=\"widget\" data-widget_type=\"text-editor.default\">\n\t\t\t\t\t\t\t\t\t<p>Nous avons ensuite r\u00e9aliser quelques propositions de logos, tous majoritairement influenc\u00e9s par la culture de la r\u00e9gion, comme le drapeau de la r\u00e9gion, le Triskell, l&rsquo;hermine, et une edelweiss.<\/p><p>Une fois que nous nous sommes d\u00e9cid\u00e9 sur une proposition de logo (celles au centre de la premi\u00e8re image) nous avons d\u00e9clin\u00e9 ce logo \u00e0 travers de nouvelles propositions afin de donner notre dernier verdict.<\/p><p>Enfin, nous avons \u00e9galement essayer plusieurs typographies, afin de d\u00e9cider celle qui complimenterait le plus le logo.<\/p>\t\t\t\t\t\t\t\t<\/div>\n\t\t\t\t<\/div>\n\t\t<div class=\"elementor-element elementor-element-7d036b5 e-con-full e-flex wpr-particle-no wpr-jarallax-no wpr-parallax-no wpr-sticky-section-no wpr-equal-height-no e-con e-child\" data-id=\"7d036b5\" data-element_type=\"container\" data-e-type=\"container\">\n\t\t\t\t<div class=\"elementor-element elementor-element-0712cfb elementor-widget elementor-widget-heading\" data-id=\"0712cfb\" data-element_type=\"widget\" data-e-type=\"widget\" data-widget_type=\"heading.default\">\n\t\t\t\t\t<h2 class=\"elementor-heading-title elementor-size-default\">Test d'adaptation<\/h2>\t\t\t\t<\/div>\n\t\t\t\t<div class=\"elementor-element elementor-element-a5e4f2f elementor-widget elementor-widget-text-editor\" data-id=\"a5e4f2f\" data-element_type=\"widget\" data-e-type=\"widget\" data-widget_type=\"text-editor.default\">\n\t\t\t\t\t\t\t\t\t<p>Notre logo \u00e9tant noir sur blanc, il nous a fallut tester son adaptation sur de futurs visuels color\u00e9s en inversant les couleurs du logo.<\/p>\t\t\t\t\t\t\t\t<\/div>\n\t\t\t\t<\/div>\n\t\t<div class=\"elementor-element elementor-element-ad24687 e-con-full e-flex wpr-particle-no wpr-jarallax-no wpr-parallax-no wpr-sticky-section-no wpr-equal-height-no e-con e-child\" data-id=\"ad24687\" data-element_type=\"container\" data-e-type=\"container\">\n\t\t\t\t<div class=\"elementor-element elementor-element-4790981 elementor-widget elementor-widget-image\" data-id=\"4790981\" data-element_type=\"widget\" data-e-type=\"widget\" data-widget_type=\"image.default\">\n\t\t\t\t\t\t\t\t\t\t\t\t\t\t\t<img loading=\"lazy\" decoding=\"async\" width=\"212\" height=\"300\" src=\"https:\/\/augier-vial-sharleen.mmigrenoble-dev.fr\/wp-content\/uploads\/2026\/04\/logo-bretagne-final-212x300.jpg\" class=\"attachment-medium size-medium wp-image-216\" alt=\"\" srcset=\"https:\/\/augier-vial-sharleen.mmigrenoble-dev.fr\/wp-content\/uploads\/2026\/04\/logo-bretagne-final-212x300.jpg 212w, https:\/\/augier-vial-sharleen.mmigrenoble-dev.fr\/wp-content\/uploads\/2026\/04\/logo-bretagne-final-724x1024.jpg 724w, https:\/\/augier-vial-sharleen.mmigrenoble-dev.fr\/wp-content\/uploads\/2026\/04\/logo-bretagne-final-768x1086.jpg 768w, https:\/\/augier-vial-sharleen.mmigrenoble-dev.fr\/wp-content\/uploads\/2026\/04\/logo-bretagne-final-1086x1536.jpg 1086w, https:\/\/augier-vial-sharleen.mmigrenoble-dev.fr\/wp-content\/uploads\/2026\/04\/logo-bretagne-final-1448x2048.jpg 1448w, https:\/\/augier-vial-sharleen.mmigrenoble-dev.fr\/wp-content\/uploads\/2026\/04\/logo-bretagne-final.jpg 1654w\" sizes=\"(max-width: 212px) 100vw, 212px\" \/>\t\t\t\t\t\t\t\t\t\t\t\t\t\t\t<\/div>\n\t\t\t\t<div class=\"elementor-element elementor-element-4991eab elementor-widget elementor-widget-image\" data-id=\"4991eab\" data-element_type=\"widget\" data-e-type=\"widget\" data-widget_type=\"image.default\">\n\t\t\t\t\t\t\t\t\t\t\t\t\t\t\t<img loading=\"lazy\" decoding=\"async\" width=\"212\" height=\"300\" src=\"https:\/\/augier-vial-sharleen.mmigrenoble-dev.fr\/wp-content\/uploads\/2026\/04\/declinaison-logo-bretagne-noir-212x300.jpg\" class=\"attachment-medium size-medium wp-image-212\" alt=\"\" srcset=\"https:\/\/augier-vial-sharleen.mmigrenoble-dev.fr\/wp-content\/uploads\/2026\/04\/declinaison-logo-bretagne-noir-212x300.jpg 212w, https:\/\/augier-vial-sharleen.mmigrenoble-dev.fr\/wp-content\/uploads\/2026\/04\/declinaison-logo-bretagne-noir-724x1024.jpg 724w, https:\/\/augier-vial-sharleen.mmigrenoble-dev.fr\/wp-content\/uploads\/2026\/04\/declinaison-logo-bretagne-noir-768x1086.jpg 768w, https:\/\/augier-vial-sharleen.mmigrenoble-dev.fr\/wp-content\/uploads\/2026\/04\/declinaison-logo-bretagne-noir-1086x1536.jpg 1086w, https:\/\/augier-vial-sharleen.mmigrenoble-dev.fr\/wp-content\/uploads\/2026\/04\/declinaison-logo-bretagne-noir-1448x2048.jpg 1448w, https:\/\/augier-vial-sharleen.mmigrenoble-dev.fr\/wp-content\/uploads\/2026\/04\/declinaison-logo-bretagne-noir.jpg 1654w\" sizes=\"(max-width: 212px) 100vw, 212px\" \/>\t\t\t\t\t\t\t\t\t\t\t\t\t\t\t<\/div>\n\t\t\t\t<\/div>\n\t\t<div class=\"elementor-element elementor-element-64fe67e e-con-full e-flex wpr-particle-no wpr-jarallax-no wpr-parallax-no wpr-sticky-section-no wpr-equal-height-no e-con e-child\" data-id=\"64fe67e\" data-element_type=\"container\" data-e-type=\"container\">\n\t\t\t\t<div class=\"elementor-element elementor-element-b23f33e elementor-widget elementor-widget-image\" data-id=\"b23f33e\" data-element_type=\"widget\" data-e-type=\"widget\" data-widget_type=\"image.default\">\n\t\t\t\t\t\t\t\t\t\t\t\t\t\t\t<img loading=\"lazy\" decoding=\"async\" width=\"800\" height=\"109\" src=\"https:\/\/augier-vial-sharleen.mmigrenoble-dev.fr\/wp-content\/uploads\/2026\/04\/banniere-web-bretagne-1024x139.jpg\" class=\"attachment-large size-large wp-image-209\" alt=\"\" srcset=\"https:\/\/augier-vial-sharleen.mmigrenoble-dev.fr\/wp-content\/uploads\/2026\/04\/banniere-web-bretagne-1024x139.jpg 1024w, https:\/\/augier-vial-sharleen.mmigrenoble-dev.fr\/wp-content\/uploads\/2026\/04\/banniere-web-bretagne-300x41.jpg 300w, https:\/\/augier-vial-sharleen.mmigrenoble-dev.fr\/wp-content\/uploads\/2026\/04\/banniere-web-bretagne-768x104.jpg 768w, https:\/\/augier-vial-sharleen.mmigrenoble-dev.fr\/wp-content\/uploads\/2026\/04\/banniere-web-bretagne-1536x208.jpg 1536w, https:\/\/augier-vial-sharleen.mmigrenoble-dev.fr\/wp-content\/uploads\/2026\/04\/banniere-web-bretagne-2048x278.jpg 2048w\" sizes=\"(max-width: 800px) 100vw, 800px\" \/>\t\t\t\t\t\t\t\t\t\t\t\t\t\t\t<\/div>\n\t\t\t\t<div class=\"elementor-element elementor-element-8296f0e elementor-widget elementor-widget-image\" data-id=\"8296f0e\" data-element_type=\"widget\" data-e-type=\"widget\" data-widget_type=\"image.default\">\n\t\t\t\t\t\t\t\t\t\t\t\t\t\t\t<img loading=\"lazy\" decoding=\"async\" width=\"215\" height=\"300\" src=\"https:\/\/augier-vial-sharleen.mmigrenoble-dev.fr\/wp-content\/uploads\/2026\/04\/logo-bretagne-bandes-blanc-215x300.jpg\" class=\"attachment-medium size-medium wp-image-215\" alt=\"\" srcset=\"https:\/\/augier-vial-sharleen.mmigrenoble-dev.fr\/wp-content\/uploads\/2026\/04\/logo-bretagne-bandes-blanc-215x300.jpg 215w, https:\/\/augier-vial-sharleen.mmigrenoble-dev.fr\/wp-content\/uploads\/2026\/04\/logo-bretagne-bandes-blanc-734x1024.jpg 734w, https:\/\/augier-vial-sharleen.mmigrenoble-dev.fr\/wp-content\/uploads\/2026\/04\/logo-bretagne-bandes-blanc-768x1072.jpg 768w, https:\/\/augier-vial-sharleen.mmigrenoble-dev.fr\/wp-content\/uploads\/2026\/04\/logo-bretagne-bandes-blanc-1101x1536.jpg 1101w, https:\/\/augier-vial-sharleen.mmigrenoble-dev.fr\/wp-content\/uploads\/2026\/04\/logo-bretagne-bandes-blanc-1468x2048.jpg 1468w, https:\/\/augier-vial-sharleen.mmigrenoble-dev.fr\/wp-content\/uploads\/2026\/04\/logo-bretagne-bandes-blanc.jpg 1733w\" sizes=\"(max-width: 215px) 100vw, 215px\" \/>\t\t\t\t\t\t\t\t\t\t\t\t\t\t\t<\/div>\n\t\t\t\t<div class=\"elementor-element elementor-element-eb99057 elementor-widget elementor-widget-image\" data-id=\"eb99057\" data-element_type=\"widget\" data-e-type=\"widget\" data-widget_type=\"image.default\">\n\t\t\t\t\t\t\t\t\t\t\t\t\t\t\t<img loading=\"lazy\" decoding=\"async\" width=\"215\" height=\"300\" src=\"https:\/\/augier-vial-sharleen.mmigrenoble-dev.fr\/wp-content\/uploads\/2026\/04\/brochure-bretagne-215x300.jpg\" class=\"attachment-medium size-medium wp-image-93\" alt=\"\" srcset=\"https:\/\/augier-vial-sharleen.mmigrenoble-dev.fr\/wp-content\/uploads\/2026\/04\/brochure-bretagne-215x300.jpg 215w, https:\/\/augier-vial-sharleen.mmigrenoble-dev.fr\/wp-content\/uploads\/2026\/04\/brochure-bretagne-734x1024.jpg 734w, https:\/\/augier-vial-sharleen.mmigrenoble-dev.fr\/wp-content\/uploads\/2026\/04\/brochure-bretagne-768x1072.jpg 768w, https:\/\/augier-vial-sharleen.mmigrenoble-dev.fr\/wp-content\/uploads\/2026\/04\/brochure-bretagne-1101x1536.jpg 1101w, https:\/\/augier-vial-sharleen.mmigrenoble-dev.fr\/wp-content\/uploads\/2026\/04\/brochure-bretagne-1468x2048.jpg 1468w, https:\/\/augier-vial-sharleen.mmigrenoble-dev.fr\/wp-content\/uploads\/2026\/04\/brochure-bretagne.jpg 1733w\" sizes=\"(max-width: 215px) 100vw, 215px\" \/>\t\t\t\t\t\t\t\t\t\t\t\t\t\t\t<\/div>\n\t\t\t\t<\/div>\n\t\t<div class=\"elementor-element elementor-element-e85a554 e-con-full e-flex wpr-particle-no wpr-jarallax-no wpr-parallax-no wpr-sticky-section-no wpr-equal-height-no e-con e-child\" data-id=\"e85a554\" data-element_type=\"container\" data-e-type=\"container\">\n\t\t\t\t<div class=\"elementor-element elementor-element-a415afc elementor-widget elementor-widget-heading\" data-id=\"a415afc\" data-element_type=\"widget\" data-e-type=\"widget\" data-widget_type=\"heading.default\">\n\t\t\t\t\t<h2 class=\"elementor-heading-title elementor-size-default\">Propositions de visuels<\/h2>\t\t\t\t<\/div>\n\t\t\t\t<div class=\"elementor-element elementor-element-f7ba354 elementor-widget elementor-widget-text-editor\" data-id=\"f7ba354\" data-element_type=\"widget\" data-e-type=\"widget\" data-widget_type=\"text-editor.default\">\n\t\t\t\t\t\t\t\t\t<p>Ensuite, nous avons pu r\u00e9aliser quelques visuels.<\/p><p>Notamment une banni\u00e8re web, et deux visuels utilisant les logos noir et blanc.<\/p>\t\t\t\t\t\t\t\t<\/div>\n\t\t\t\t<\/div>\n\t\t<div class=\"elementor-element elementor-element-f75f3a1 e-con-full e-flex wpr-particle-no wpr-jarallax-no wpr-parallax-no wpr-sticky-section-no wpr-equal-height-no e-con e-child\" data-id=\"f75f3a1\" data-element_type=\"container\" data-e-type=\"container\">\n\t\t\t\t<div class=\"elementor-element elementor-element-670b2ca elementor-widget elementor-widget-heading\" data-id=\"670b2ca\" data-element_type=\"widget\" data-e-type=\"widget\" data-widget_type=\"heading.default\">\n\t\t\t\t\t<h2 class=\"elementor-heading-title elementor-size-default\">Mock-ups<\/h2>\t\t\t\t<\/div>\n\t\t\t\t<div class=\"elementor-element elementor-element-009be49 elementor-widget elementor-widget-text-editor\" data-id=\"009be49\" data-element_type=\"widget\" data-e-type=\"widget\" data-widget_type=\"text-editor.default\">\n\t\t\t\t\t\t\t\t\t<p>Enfin, pour finir cet exercice, nous avons appliqu\u00e9 nos logos sur les diff\u00e9rents mock-ups fournis par nos professeurs.<\/p><p>Ci-contre, vous pouvez voir diff\u00e9rentes propositions sur les diff\u00e9rents visuels, notamment un sweatshirt, une voiture, une chaise longue ainsi qu&rsquo;une banni\u00e8re.<\/p>\t\t\t\t\t\t\t\t<\/div>\n\t\t\t\t<\/div>\n\t\t<div class=\"elementor-element elementor-element-0b5f410 e-con-full e-flex wpr-particle-no wpr-jarallax-no wpr-parallax-no wpr-sticky-section-no wpr-equal-height-no e-con e-child\" data-id=\"0b5f410\" data-element_type=\"container\" data-e-type=\"container\">\n\t\t\t\t<div class=\"elementor-element elementor-element-20300c3 elementor-widget elementor-widget-image\" data-id=\"20300c3\" data-element_type=\"widget\" data-e-type=\"widget\" data-widget_type=\"image.default\">\n\t\t\t\t\t\t\t\t\t\t\t\t\t\t\t<img loading=\"lazy\" decoding=\"async\" width=\"800\" height=\"531\" src=\"https:\/\/augier-vial-sharleen.mmigrenoble-dev.fr\/wp-content\/uploads\/2026\/04\/Capture-decran-2026-04-29-164656-1024x680.jpg\" class=\"attachment-large size-large wp-image-210\" alt=\"\" srcset=\"https:\/\/augier-vial-sharleen.mmigrenoble-dev.fr\/wp-content\/uploads\/2026\/04\/Capture-decran-2026-04-29-164656-1024x680.jpg 1024w, https:\/\/augier-vial-sharleen.mmigrenoble-dev.fr\/wp-content\/uploads\/2026\/04\/Capture-decran-2026-04-29-164656-300x199.jpg 300w, https:\/\/augier-vial-sharleen.mmigrenoble-dev.fr\/wp-content\/uploads\/2026\/04\/Capture-decran-2026-04-29-164656-768x510.jpg 768w, https:\/\/augier-vial-sharleen.mmigrenoble-dev.fr\/wp-content\/uploads\/2026\/04\/Capture-decran-2026-04-29-164656.jpg 1168w\" sizes=\"(max-width: 800px) 100vw, 800px\" \/>\t\t\t\t\t\t\t\t\t\t\t\t\t\t\t<\/div>\n\t\t\t\t<div class=\"elementor-element elementor-element-4731c7e elementor-widget elementor-widget-image\" data-id=\"4731c7e\" data-element_type=\"widget\" data-e-type=\"widget\" data-widget_type=\"image.default\">\n\t\t\t\t\t\t\t\t\t\t\t\t\t\t\t<img loading=\"lazy\" decoding=\"async\" width=\"800\" height=\"566\" src=\"https:\/\/augier-vial-sharleen.mmigrenoble-dev.fr\/wp-content\/uploads\/2026\/04\/1-cvpm-1-augier-vial-fontaine-mur-declinaisons_Page_2-1024x724.jpg\" class=\"attachment-large size-large wp-image-208\" alt=\"\" srcset=\"https:\/\/augier-vial-sharleen.mmigrenoble-dev.fr\/wp-content\/uploads\/2026\/04\/1-cvpm-1-augier-vial-fontaine-mur-declinaisons_Page_2-1024x724.jpg 1024w, https:\/\/augier-vial-sharleen.mmigrenoble-dev.fr\/wp-content\/uploads\/2026\/04\/1-cvpm-1-augier-vial-fontaine-mur-declinaisons_Page_2-300x212.jpg 300w, https:\/\/augier-vial-sharleen.mmigrenoble-dev.fr\/wp-content\/uploads\/2026\/04\/1-cvpm-1-augier-vial-fontaine-mur-declinaisons_Page_2-768x543.jpg 768w, https:\/\/augier-vial-sharleen.mmigrenoble-dev.fr\/wp-content\/uploads\/2026\/04\/1-cvpm-1-augier-vial-fontaine-mur-declinaisons_Page_2-1536x1086.jpg 1536w, https:\/\/augier-vial-sharleen.mmigrenoble-dev.fr\/wp-content\/uploads\/2026\/04\/1-cvpm-1-augier-vial-fontaine-mur-declinaisons_Page_2-2048x1448.jpg 2048w\" sizes=\"(max-width: 800px) 100vw, 800px\" \/>\t\t\t\t\t\t\t\t\t\t\t\t\t\t\t<\/div>\n\t\t\t\t<\/div>\n\t\t\t\t\t<\/div>\n\t\t\t\t<\/div>\n\t\t\t\t<\/div>\n\t\t","protected":false},"excerpt":{"rendered":"<p>Identit\u00e9 visuelle pour la r\u00e9gion de Bretagne Ce projet a \u00e9t\u00e9 r\u00e9alis\u00e9 en Premi\u00e8re. J&rsquo;ai r\u00e9alis\u00e9 lors d&rsquo;un travail de groupe l&rsquo;identit\u00e9 visuelle d&rsquo;une r\u00e9gion au choix, et mon groupe a choisi la r\u00e9gion de Bretagne. Moodboard Au tout d\u00e9but du projet, mon groupe de travail et moi avons discut\u00e9 de nos id\u00e9es, et les avons rassembl\u00e9 dans un moodboard, afin de garder une id\u00e9e de nos inspirations pour ce projet. Recherches Nous avons ensuite r\u00e9aliser quelques propositions de logos, tous majoritairement influenc\u00e9s par la culture de la r\u00e9gion, comme le drapeau de la r\u00e9gion, le Triskell, l&rsquo;hermine, et une edelweiss. Une fois que nous nous sommes d\u00e9cid\u00e9 sur une proposition de logo (celles au centre de la premi\u00e8re image) nous avons d\u00e9clin\u00e9 ce logo \u00e0 travers de nouvelles propositions afin de donner notre dernier verdict. Enfin, nous avons \u00e9galement essayer plusieurs typographies, afin de d\u00e9cider celle qui complimenterait le plus le logo. Test d&rsquo;adaptation Notre logo \u00e9tant noir sur blanc, il nous a fallut tester son adaptation sur de futurs visuels color\u00e9s en inversant les couleurs du logo. Propositions de visuels Ensuite, nous avons pu r\u00e9aliser quelques visuels. Notamment une banni\u00e8re web, et deux visuels utilisant les logos noir et blanc. Mock-ups Enfin, pour finir cet exercice, nous avons appliqu\u00e9 nos logos sur les diff\u00e9rents mock-ups fournis par nos professeurs. Ci-contre, vous pouvez voir diff\u00e9rentes propositions sur les diff\u00e9rents visuels, notamment un sweatshirt, une voiture, une chaise longue ainsi qu&rsquo;une banni\u00e8re.<\/p>\n","protected":false},"author":4,"featured_media":0,"parent":0,"menu_order":0,"comment_status":"closed","ping_status":"closed","template":"","meta":{"footnotes":""},"class_list":["post-156","page","type-page","status-publish","hentry"],"_links":{"self":[{"href":"https:\/\/augier-vial-sharleen.mmigrenoble-dev.fr\/index.php?rest_route=\/wp\/v2\/pages\/156","targetHints":{"allow":["GET"]}}],"collection":[{"href":"https:\/\/augier-vial-sharleen.mmigrenoble-dev.fr\/index.php?rest_route=\/wp\/v2\/pages"}],"about":[{"href":"https:\/\/augier-vial-sharleen.mmigrenoble-dev.fr\/index.php?rest_route=\/wp\/v2\/types\/page"}],"author":[{"embeddable":true,"href":"https:\/\/augier-vial-sharleen.mmigrenoble-dev.fr\/index.php?rest_route=\/wp\/v2\/users\/4"}],"replies":[{"embeddable":true,"href":"https:\/\/augier-vial-sharleen.mmigrenoble-dev.fr\/index.php?rest_route=%2Fwp%2Fv2%2Fcomments&post=156"}],"version-history":[{"count":10,"href":"https:\/\/augier-vial-sharleen.mmigrenoble-dev.fr\/index.php?rest_route=\/wp\/v2\/pages\/156\/revisions"}],"predecessor-version":[{"id":220,"href":"https:\/\/augier-vial-sharleen.mmigrenoble-dev.fr\/index.php?rest_route=\/wp\/v2\/pages\/156\/revisions\/220"}],"wp:attachment":[{"href":"https:\/\/augier-vial-sharleen.mmigrenoble-dev.fr\/index.php?rest_route=%2Fwp%2Fv2%2Fmedia&parent=156"}],"curies":[{"name":"wp","href":"https:\/\/api.w.org\/{rel}","templated":true}]}}