{"id":158,"date":"2026-04-29T18:27:05","date_gmt":"2026-04-29T18:27:05","guid":{"rendered":"https:\/\/augier-vial-sharleen.mmigrenoble-dev.fr\/?page_id=158"},"modified":"2026-04-29T18:33:59","modified_gmt":"2026-04-29T18:33:59","slug":"projet-3","status":"publish","type":"page","link":"https:\/\/augier-vial-sharleen.mmigrenoble-dev.fr\/?page_id=158","title":{"rendered":"Projet 3"},"content":{"rendered":"\t\t<div data-elementor-type=\"wp-page\" data-elementor-id=\"158\" class=\"elementor elementor-158\">\n\t\t\t\t<div class=\"elementor-element elementor-element-c2782c5 e-flex e-con-boxed wpr-particle-no wpr-jarallax-no wpr-parallax-no wpr-sticky-section-no wpr-equal-height-no e-con e-parent\" data-id=\"c2782c5\" data-element_type=\"container\" data-e-type=\"container\">\n\t\t\t\t\t<div class=\"e-con-inner\">\n\t\t\t\t<div class=\"elementor-element elementor-element-660d686 elementor-widget elementor-widget-heading\" data-id=\"660d686\" data-element_type=\"widget\" data-e-type=\"widget\" data-widget_type=\"heading.default\">\n\t\t\t\t\t<h2 class=\"elementor-heading-title elementor-size-default\">Une Le Monde<\/h2>\t\t\t\t<\/div>\n\t\t\t\t\t<\/div>\n\t\t\t\t<\/div>\n\t\t<div class=\"elementor-element elementor-element-295818f e-flex e-con-boxed wpr-particle-no wpr-jarallax-no wpr-parallax-no wpr-sticky-section-no wpr-equal-height-no e-con e-parent\" data-id=\"295818f\" data-element_type=\"container\" data-e-type=\"container\">\n\t\t\t\t\t<div class=\"e-con-inner\">\n\t\t\t\t<div class=\"elementor-element elementor-element-78966f2 elementor-widget elementor-widget-image\" data-id=\"78966f2\" data-element_type=\"widget\" data-e-type=\"widget\" data-widget_type=\"image.default\">\n\t\t\t\t\t\t\t\t\t\t\t\t\t\t\t<img fetchpriority=\"high\" decoding=\"async\" width=\"768\" height=\"1146\" src=\"https:\/\/augier-vial-sharleen.mmigrenoble-dev.fr\/wp-content\/uploads\/2026\/04\/augier-vial-une-le-monde-complete-768x1146.jpg\" class=\"attachment-medium_large size-medium_large wp-image-92\" alt=\"\" srcset=\"https:\/\/augier-vial-sharleen.mmigrenoble-dev.fr\/wp-content\/uploads\/2026\/04\/augier-vial-une-le-monde-complete-768x1146.jpg 768w, https:\/\/augier-vial-sharleen.mmigrenoble-dev.fr\/wp-content\/uploads\/2026\/04\/augier-vial-une-le-monde-complete-201x300.jpg 201w, https:\/\/augier-vial-sharleen.mmigrenoble-dev.fr\/wp-content\/uploads\/2026\/04\/augier-vial-une-le-monde-complete-686x1024.jpg 686w, https:\/\/augier-vial-sharleen.mmigrenoble-dev.fr\/wp-content\/uploads\/2026\/04\/augier-vial-une-le-monde-complete-1029x1536.jpg 1029w, https:\/\/augier-vial-sharleen.mmigrenoble-dev.fr\/wp-content\/uploads\/2026\/04\/augier-vial-une-le-monde-complete-1373x2048.jpg 1373w, https:\/\/augier-vial-sharleen.mmigrenoble-dev.fr\/wp-content\/uploads\/2026\/04\/augier-vial-une-le-monde-complete-scaled.jpg 1716w\" sizes=\"(max-width: 768px) 100vw, 768px\" \/>\t\t\t\t\t\t\t\t\t\t\t\t\t\t\t<\/div>\n\t\t\t\t<div class=\"elementor-element elementor-element-7bdda13 elementor-widget elementor-widget-text-editor\" data-id=\"7bdda13\" data-element_type=\"widget\" data-e-type=\"widget\" data-widget_type=\"text-editor.default\">\n\t\t\t\t\t\t\t\t\t<p>Ce travail a \u00e9t\u00e9 r\u00e9alis\u00e9 par mes soins en Seconde.<\/p><p>Le but de cet exercice \u00e9tait de nous apprendre les multiples usages d&rsquo;Indesign<\/p>\t\t\t\t\t\t\t\t<\/div>\n\t\t\t\t\t<\/div>\n\t\t\t\t<\/div>\n\t\t<div class=\"elementor-element elementor-element-b17306e e-grid e-con-boxed wpr-particle-no wpr-jarallax-no wpr-parallax-no wpr-sticky-section-no wpr-equal-height-no e-con e-parent\" data-id=\"b17306e\" data-element_type=\"container\" data-e-type=\"container\">\n\t\t\t\t\t<div class=\"e-con-inner\">\n\t\t<div class=\"elementor-element elementor-element-184e12a e-con-full e-flex wpr-particle-no wpr-jarallax-no wpr-parallax-no wpr-sticky-section-no wpr-equal-height-no e-con e-child\" data-id=\"184e12a\" data-element_type=\"container\" data-e-type=\"container\">\n\t\t\t\t<div class=\"elementor-element elementor-element-45f8346 elementor-widget elementor-widget-image\" data-id=\"45f8346\" data-element_type=\"widget\" data-e-type=\"widget\" data-widget_type=\"image.default\">\n\t\t\t\t\t\t\t\t\t\t\t\t\t\t\t<img decoding=\"async\" width=\"800\" height=\"564\" src=\"https:\/\/augier-vial-sharleen.mmigrenoble-dev.fr\/wp-content\/uploads\/2026\/04\/caricature-presse-1024x722.jpg\" class=\"attachment-large size-large wp-image-33\" alt=\"\" srcset=\"https:\/\/augier-vial-sharleen.mmigrenoble-dev.fr\/wp-content\/uploads\/2026\/04\/caricature-presse-1024x722.jpg 1024w, https:\/\/augier-vial-sharleen.mmigrenoble-dev.fr\/wp-content\/uploads\/2026\/04\/caricature-presse-300x211.jpg 300w, https:\/\/augier-vial-sharleen.mmigrenoble-dev.fr\/wp-content\/uploads\/2026\/04\/caricature-presse-768x541.jpg 768w, https:\/\/augier-vial-sharleen.mmigrenoble-dev.fr\/wp-content\/uploads\/2026\/04\/caricature-presse-1536x1083.jpg 1536w, https:\/\/augier-vial-sharleen.mmigrenoble-dev.fr\/wp-content\/uploads\/2026\/04\/caricature-presse-2048x1444.jpg 2048w\" sizes=\"(max-width: 800px) 100vw, 800px\" \/>\t\t\t\t\t\t\t\t\t\t\t\t\t\t\t<\/div>\n\t\t\t\t<\/div>\n\t\t<div class=\"elementor-element elementor-element-b1687ca e-con-full e-flex wpr-particle-no wpr-jarallax-no wpr-parallax-no wpr-sticky-section-no wpr-equal-height-no e-con e-child\" data-id=\"b1687ca\" data-element_type=\"container\" data-e-type=\"container\">\n\t\t\t\t<div class=\"elementor-element elementor-element-5645acd elementor-widget elementor-widget-heading\" data-id=\"5645acd\" data-element_type=\"widget\" data-e-type=\"widget\" data-widget_type=\"heading.default\">\n\t\t\t\t\t<h2 class=\"elementor-heading-title elementor-size-default\">Caricature<\/h2>\t\t\t\t<\/div>\n\t\t\t\t<div class=\"elementor-element elementor-element-0dba8b0 elementor-widget elementor-widget-text-editor\" data-id=\"0dba8b0\" data-element_type=\"widget\" data-e-type=\"widget\" data-widget_type=\"text-editor.default\">\n\t\t\t\t\t\t\t\t\t<p>Dans un premier temps, nous devions r\u00e9aliser une caricature \u00e0 partir de l&rsquo;article de notre choix que nous avions trouv\u00e9 sur le site Internet du Gorafi.<\/p><p>Pour ce premier devoir, j&rsquo;ai d\u00e9cid\u00e9 de caricaturer l&rsquo;article \u00ab\u00a0Le Papa affirme avoir enfin termin\u00e9 de lire la Bible\u00a0\u00bb.<\/p><p>Afin d&rsquo;assurer une int\u00e9gration nette \u00e0 la Une, il nous avait \u00e9t\u00e9 demand\u00e9 de nettoyer des traces de crayons oubli\u00e9es, le grain du papier, ainsi qu&rsquo;ajuster la balance des blancs et noirs sur Photoshop.<\/p>\t\t\t\t\t\t\t\t<\/div>\n\t\t\t\t<\/div>\n\t\t<div class=\"elementor-element elementor-element-b51d0a3 e-con-full e-flex wpr-particle-no wpr-jarallax-no wpr-parallax-no wpr-sticky-section-no wpr-equal-height-no e-con e-child\" data-id=\"b51d0a3\" data-element_type=\"container\" data-e-type=\"container\">\n\t\t\t\t<div class=\"elementor-element elementor-element-3415d2d elementor-widget elementor-widget-heading\" data-id=\"3415d2d\" data-element_type=\"widget\" data-e-type=\"widget\" data-widget_type=\"heading.default\">\n\t\t\t\t\t<h2 class=\"elementor-heading-title elementor-size-default\">Publicit\u00e9 T\u00e9l\u00e9phone-Caf\u00e9<\/h2>\t\t\t\t<\/div>\n\t\t\t\t<div class=\"elementor-element elementor-element-dd7ad1b elementor-widget elementor-widget-text-editor\" data-id=\"dd7ad1b\" data-element_type=\"widget\" data-e-type=\"widget\" data-widget_type=\"text-editor.default\">\n\t\t\t\t\t\t\t\t\t<p>Par la suite, il nous a \u00e9t\u00e9 demand\u00e9 de r\u00e9aliser une publicit\u00e9 en 3D pour un t\u00e9l\u00e9phone faisant du caf\u00e9 \u00e0 la demande de l&rsquo;un de mes professeurs principaux.<\/p><p>Nous avons donc r\u00e9alis\u00e9 cette publicit\u00e9 sur Dimension.<\/p>\t\t\t\t\t\t\t\t<\/div>\n\t\t\t\t<\/div>\n\t\t<div class=\"elementor-element elementor-element-95c9ae5 e-con-full e-flex wpr-particle-no wpr-jarallax-no wpr-parallax-no wpr-sticky-section-no wpr-equal-height-no e-con e-child\" data-id=\"95c9ae5\" data-element_type=\"container\" data-e-type=\"container\">\n\t\t\t\t<div class=\"elementor-element elementor-element-d1a01c7 elementor-widget elementor-widget-image\" data-id=\"d1a01c7\" data-element_type=\"widget\" data-e-type=\"widget\" data-widget_type=\"image.default\">\n\t\t\t\t\t\t\t\t\t\t\t\t\t\t\t<img decoding=\"async\" width=\"583\" height=\"827\" src=\"https:\/\/augier-vial-sharleen.mmigrenoble-dev.fr\/wp-content\/uploads\/2026\/04\/augier-vial-pub-cafe.jpg\" class=\"attachment-large size-large wp-image-224\" alt=\"\" srcset=\"https:\/\/augier-vial-sharleen.mmigrenoble-dev.fr\/wp-content\/uploads\/2026\/04\/augier-vial-pub-cafe.jpg 583w, https:\/\/augier-vial-sharleen.mmigrenoble-dev.fr\/wp-content\/uploads\/2026\/04\/augier-vial-pub-cafe-211x300.jpg 211w\" sizes=\"(max-width: 583px) 100vw, 583px\" \/>\t\t\t\t\t\t\t\t\t\t\t\t\t\t\t<\/div>\n\t\t\t\t<\/div>\n\t\t<div class=\"elementor-element elementor-element-730aae6 e-con-full e-flex wpr-particle-no wpr-jarallax-no wpr-parallax-no wpr-sticky-section-no wpr-equal-height-no e-con e-child\" data-id=\"730aae6\" data-element_type=\"container\" data-e-type=\"container\">\n\t\t\t\t<div class=\"elementor-element elementor-element-06dbe2a elementor-widget elementor-widget-image\" data-id=\"06dbe2a\" data-element_type=\"widget\" data-e-type=\"widget\" data-widget_type=\"image.default\">\n\t\t\t\t\t\t\t\t\t\t\t\t\t\t\t<img loading=\"lazy\" decoding=\"async\" width=\"686\" height=\"1024\" src=\"https:\/\/augier-vial-sharleen.mmigrenoble-dev.fr\/wp-content\/uploads\/2026\/04\/augier-vial-une-le-monde-complete-686x1024.jpg\" class=\"attachment-large size-large wp-image-92\" alt=\"\" srcset=\"https:\/\/augier-vial-sharleen.mmigrenoble-dev.fr\/wp-content\/uploads\/2026\/04\/augier-vial-une-le-monde-complete-686x1024.jpg 686w, https:\/\/augier-vial-sharleen.mmigrenoble-dev.fr\/wp-content\/uploads\/2026\/04\/augier-vial-une-le-monde-complete-201x300.jpg 201w, https:\/\/augier-vial-sharleen.mmigrenoble-dev.fr\/wp-content\/uploads\/2026\/04\/augier-vial-une-le-monde-complete-768x1146.jpg 768w, https:\/\/augier-vial-sharleen.mmigrenoble-dev.fr\/wp-content\/uploads\/2026\/04\/augier-vial-une-le-monde-complete-1029x1536.jpg 1029w, https:\/\/augier-vial-sharleen.mmigrenoble-dev.fr\/wp-content\/uploads\/2026\/04\/augier-vial-une-le-monde-complete-1373x2048.jpg 1373w, https:\/\/augier-vial-sharleen.mmigrenoble-dev.fr\/wp-content\/uploads\/2026\/04\/augier-vial-une-le-monde-complete-scaled.jpg 1716w\" sizes=\"(max-width: 686px) 100vw, 686px\" \/>\t\t\t\t\t\t\t\t\t\t\t\t\t\t\t<\/div>\n\t\t\t\t<\/div>\n\t\t<div class=\"elementor-element elementor-element-ab3701b e-con-full e-flex wpr-particle-no wpr-jarallax-no wpr-parallax-no wpr-sticky-section-no wpr-equal-height-no e-con e-child\" data-id=\"ab3701b\" data-element_type=\"container\" data-e-type=\"container\">\n\t\t\t\t<div class=\"elementor-element elementor-element-c3f5ef1 elementor-widget elementor-widget-heading\" data-id=\"c3f5ef1\" data-element_type=\"widget\" data-e-type=\"widget\" data-widget_type=\"heading.default\">\n\t\t\t\t\t<h2 class=\"elementor-heading-title elementor-size-default\">Assemblage<\/h2>\t\t\t\t<\/div>\n\t\t\t\t<div class=\"elementor-element elementor-element-fb134d9 elementor-widget elementor-widget-text-editor\" data-id=\"fb134d9\" data-element_type=\"widget\" data-e-type=\"widget\" data-widget_type=\"text-editor.default\">\n\t\t\t\t\t\t\t\t\t<p>Enfin, il fallut assembler notre Une de toute pi\u00e8ce sur Indesign.<\/p><p>Notre professeur nous avait donn\u00e9 \u00e0 chacun une Une diff\u00e9rentes, toutes venant du journal Le Monde.<\/p><p>Les consignes de cet assemblage \u00e9taient de respecter aux millim\u00e8tres pr\u00e8s la mise en page de la Une qui nous avait \u00e9t\u00e9 pr\u00eat\u00e9e.<\/p><p>En ce qu&rsquo;il en est des autres articles figurant sur ma Une, ils proviennent tous du site Internet du Gorafi, une \u00e9ni\u00e8me consigne impos\u00e9e par mo, professeur.<\/p>\t\t\t\t\t\t\t\t<\/div>\n\t\t\t\t<\/div>\n\t\t\t\t\t<\/div>\n\t\t\t\t<\/div>\n\t\t\t\t<\/div>\n\t\t","protected":false},"excerpt":{"rendered":"<p>Une Le Monde Ce travail a \u00e9t\u00e9 r\u00e9alis\u00e9 par mes soins en Seconde. Le but de cet exercice \u00e9tait de nous apprendre les multiples usages d&rsquo;Indesign Caricature Dans un premier temps, nous devions r\u00e9aliser une caricature \u00e0 partir de l&rsquo;article de notre choix que nous avions trouv\u00e9 sur le site Internet du Gorafi. Pour ce premier devoir, j&rsquo;ai d\u00e9cid\u00e9 de caricaturer l&rsquo;article \u00ab\u00a0Le Papa affirme avoir enfin termin\u00e9 de lire la Bible\u00a0\u00bb. Afin d&rsquo;assurer une int\u00e9gration nette \u00e0 la Une, il nous avait \u00e9t\u00e9 demand\u00e9 de nettoyer des traces de crayons oubli\u00e9es, le grain du papier, ainsi qu&rsquo;ajuster la balance des blancs et noirs sur Photoshop. Publicit\u00e9 T\u00e9l\u00e9phone-Caf\u00e9 Par la suite, il nous a \u00e9t\u00e9 demand\u00e9 de r\u00e9aliser une publicit\u00e9 en 3D pour un t\u00e9l\u00e9phone faisant du caf\u00e9 \u00e0 la demande de l&rsquo;un de mes professeurs principaux. Nous avons donc r\u00e9alis\u00e9 cette publicit\u00e9 sur Dimension. Assemblage Enfin, il fallut assembler notre Une de toute pi\u00e8ce sur Indesign. Notre professeur nous avait donn\u00e9 \u00e0 chacun une Une diff\u00e9rentes, toutes venant du journal Le Monde. Les consignes de cet assemblage \u00e9taient de respecter aux millim\u00e8tres pr\u00e8s la mise en page de la Une qui nous avait \u00e9t\u00e9 pr\u00eat\u00e9e. En ce qu&rsquo;il en est des autres articles figurant sur ma Une, ils proviennent tous du site Internet du Gorafi, une \u00e9ni\u00e8me consigne impos\u00e9e par mo, professeur.<\/p>\n","protected":false},"author":4,"featured_media":0,"parent":0,"menu_order":0,"comment_status":"closed","ping_status":"closed","template":"","meta":{"footnotes":""},"class_list":["post-158","page","type-page","status-publish","hentry"],"_links":{"self":[{"href":"https:\/\/augier-vial-sharleen.mmigrenoble-dev.fr\/index.php?rest_route=\/wp\/v2\/pages\/158","targetHints":{"allow":["GET"]}}],"collection":[{"href":"https:\/\/augier-vial-sharleen.mmigrenoble-dev.fr\/index.php?rest_route=\/wp\/v2\/pages"}],"about":[{"href":"https:\/\/augier-vial-sharleen.mmigrenoble-dev.fr\/index.php?rest_route=\/wp\/v2\/types\/page"}],"author":[{"embeddable":true,"href":"https:\/\/augier-vial-sharleen.mmigrenoble-dev.fr\/index.php?rest_route=\/wp\/v2\/users\/4"}],"replies":[{"embeddable":true,"href":"https:\/\/augier-vial-sharleen.mmigrenoble-dev.fr\/index.php?rest_route=%2Fwp%2Fv2%2Fcomments&post=158"}],"version-history":[{"count":4,"href":"https:\/\/augier-vial-sharleen.mmigrenoble-dev.fr\/index.php?rest_route=\/wp\/v2\/pages\/158\/revisions"}],"predecessor-version":[{"id":227,"href":"https:\/\/augier-vial-sharleen.mmigrenoble-dev.fr\/index.php?rest_route=\/wp\/v2\/pages\/158\/revisions\/227"}],"wp:attachment":[{"href":"https:\/\/augier-vial-sharleen.mmigrenoble-dev.fr\/index.php?rest_route=%2Fwp%2Fv2%2Fmedia&parent=158"}],"curies":[{"name":"wp","href":"https:\/\/api.w.org\/{rel}","templated":true}]}}