{"id":21,"date":"2026-04-26T12:09:52","date_gmt":"2026-04-26T12:09:52","guid":{"rendered":"https:\/\/augier-vial-sharleen.mmigrenoble-dev.fr\/?page_id=21"},"modified":"2026-04-30T06:08:20","modified_gmt":"2026-04-30T06:08:20","slug":"page-daccueil","status":"publish","type":"page","link":"https:\/\/augier-vial-sharleen.mmigrenoble-dev.fr\/","title":{"rendered":"Page d&rsquo;accueil"},"content":{"rendered":"\t\t<div data-elementor-type=\"wp-post\" data-elementor-id=\"21\" class=\"elementor elementor-21\">\n\t\t\t\t<div class=\"elementor-element elementor-element-00e8921 e-grid e-con-boxed wpr-particle-no wpr-jarallax-no wpr-parallax-no wpr-sticky-section-no wpr-equal-height-no e-con e-parent\" data-id=\"00e8921\" data-element_type=\"container\" data-e-type=\"container\">\n\t\t\t\t\t<div class=\"e-con-inner\">\n\t\t<div class=\"elementor-element elementor-element-263ced0 e-con-full e-flex wpr-particle-no wpr-jarallax-no wpr-parallax-no wpr-sticky-section-no wpr-equal-height-no e-con e-child\" data-id=\"263ced0\" data-element_type=\"container\" data-e-type=\"container\">\n\t\t\t\t<div class=\"elementor-element elementor-element-90929b2 elementor-widget elementor-widget-heading\" data-id=\"90929b2\" data-element_type=\"widget\" data-e-type=\"widget\" data-widget_type=\"heading.default\">\n\t\t\t\t\t<h2 class=\"elementor-heading-title elementor-size-default\">Sharleen<\/h2>\t\t\t\t<\/div>\n\t\t\t\t<\/div>\n\t\t\t\t<div class=\"elementor-element elementor-element-99b8cac elementor-widget elementor-widget-image\" data-id=\"99b8cac\" data-element_type=\"widget\" data-e-type=\"widget\" data-widget_type=\"image.default\">\n\t\t\t\t\t\t\t\t\t\t\t\t\t\t\t<img fetchpriority=\"high\" decoding=\"async\" width=\"768\" height=\"1024\" src=\"https:\/\/augier-vial-sharleen.mmigrenoble-dev.fr\/wp-content\/uploads\/2026\/04\/20251027_171526-768x1024.jpg\" class=\"attachment-large size-large wp-image-83\" alt=\"\" srcset=\"https:\/\/augier-vial-sharleen.mmigrenoble-dev.fr\/wp-content\/uploads\/2026\/04\/20251027_171526-768x1024.jpg 768w, https:\/\/augier-vial-sharleen.mmigrenoble-dev.fr\/wp-content\/uploads\/2026\/04\/20251027_171526-225x300.jpg 225w, https:\/\/augier-vial-sharleen.mmigrenoble-dev.fr\/wp-content\/uploads\/2026\/04\/20251027_171526-1152x1536.jpg 1152w, https:\/\/augier-vial-sharleen.mmigrenoble-dev.fr\/wp-content\/uploads\/2026\/04\/20251027_171526-1536x2048.jpg 1536w, https:\/\/augier-vial-sharleen.mmigrenoble-dev.fr\/wp-content\/uploads\/2026\/04\/20251027_171526-scaled.jpg 1920w\" sizes=\"(max-width: 768px) 100vw, 768px\" \/>\t\t\t\t\t\t\t\t\t\t\t\t\t\t\t<\/div>\n\t\t<div class=\"elementor-element elementor-element-c36ad6b e-con-full e-flex wpr-particle-no wpr-jarallax-no wpr-parallax-no wpr-sticky-section-no wpr-equal-height-no e-con e-child\" data-id=\"c36ad6b\" data-element_type=\"container\" data-e-type=\"container\">\n\t\t\t\t<div class=\"elementor-element elementor-element-afd8c11 elementor-widget elementor-widget-heading\" data-id=\"afd8c11\" data-element_type=\"widget\" data-e-type=\"widget\" data-widget_type=\"heading.default\">\n\t\t\t\t\t<h2 class=\"elementor-heading-title elementor-size-default\">Augier-Vial<\/h2>\t\t\t\t<\/div>\n\t\t\t\t<\/div>\n\t\t\t\t\t<\/div>\n\t\t\t\t<\/div>\n\t\t<div class=\"elementor-element elementor-element-f92075a e-flex e-con-boxed wpr-particle-no wpr-jarallax-no wpr-parallax-no wpr-sticky-section-no wpr-equal-height-no e-con e-parent\" data-id=\"f92075a\" data-element_type=\"container\" data-e-type=\"container\">\n\t\t\t\t\t<div class=\"e-con-inner\">\n\t\t\t\t<div class=\"elementor-element elementor-element-546114a elementor-absolute elementor-widget elementor-widget-heading\" data-id=\"546114a\" data-element_type=\"widget\" data-e-type=\"widget\" data-settings=\"{&quot;_position&quot;:&quot;absolute&quot;}\" data-widget_type=\"heading.default\">\n\t\t\t\t\t<h2 class=\"elementor-heading-title elementor-size-default\">Future Graphiste<\/h2>\t\t\t\t<\/div>\n\t\t\t\t<div class=\"elementor-element elementor-element-39f91dc elementor-absolute elementor-widget elementor-widget-heading\" data-id=\"39f91dc\" data-element_type=\"widget\" data-e-type=\"widget\" data-settings=\"{&quot;_position&quot;:&quot;absolute&quot;}\" data-widget_type=\"heading.default\">\n\t\t\t\t\t<h2 class=\"elementor-heading-title elementor-size-default\">re Graph<\/h2>\t\t\t\t<\/div>\n\t\t\t\t<div class=\"elementor-element elementor-element-9e9260f elementor-widget-divider--separator-type-pattern elementor-widget-divider--no-spacing elementor-widget-divider--view-line elementor-widget elementor-widget-divider\" data-id=\"9e9260f\" data-element_type=\"widget\" data-e-type=\"widget\" data-widget_type=\"divider.default\">\n\t\t\t\t\t\t\t<div class=\"elementor-divider\" style=\"--divider-pattern-url: url(&quot;data:image\/svg+xml,%3Csvg xmlns=&#039;http:\/\/www.w3.org\/2000\/svg&#039; preserveAspectRatio=&#039;xMidYMid meet&#039; overflow=&#039;visible&#039; height=&#039;100%&#039; viewBox=&#039;0 0 126 26&#039; fill=&#039;black&#039; stroke=&#039;none&#039;%3E%3Cpath d=&#039;M3,10.2c2.6,0,2.6,2,2.6,3.2S4.4,16.5,3,16.5s-3-1.4-3-3.2S0.4,10.2,3,10.2z M18.8,10.2c1.7,0,3.2,1.4,3.2,3.2s-1.4,3.2-3.2,3.2c-1.7,0-3.2-1.4-3.2-3.2S17,10.2,18.8,10.2z M34.6,10.2c1.5,0,2.6,1.4,2.6,3.2s-0.5,3.2-1.9,3.2c-1.5,0-3.4-1.4-3.4-3.2S33.1,10.2,34.6,10.2z M50.5,10.2c1.7,0,3.2,1.4,3.2,3.2s-1.4,3.2-3.2,3.2c-1.7,0-3.3-0.9-3.3-2.6S48.7,10.2,50.5,10.2z M66.2,10.2c1.5,0,3.4,1.4,3.4,3.2s-1.9,3.2-3.4,3.2c-1.5,0-2.6-0.4-2.6-2.1S64.8,10.2,66.2,10.2z M82.2,10.2c1.7,0.8,2.6,1.4,2.6,3.2s-0.1,3.2-1.6,3.2c-1.5,0-3.7-1.4-3.7-3.2S80.5,9.4,82.2,10.2zM98.6,10.2c1.5,0,2.6,0.4,2.6,2.1s-1.2,4.2-2.6,4.2c-1.5,0-3.7-0.4-3.7-2.1S97.1,10.2,98.6,10.2z M113.4,10.2c1.2,0,2.2,0.9,2.2,3.2s-0.1,3.2-1.3,3.2s-3.1-1.4-3.1-3.2S112.2,10.2,113.4,10.2z&#039;\/%3E%3C\/svg%3E&quot;);\">\n\t\t\t<span class=\"elementor-divider-separator\">\n\t\t\t\t\t\t<\/span>\n\t\t<\/div>\n\t\t\t\t\t\t<\/div>\n\t\t\t\t<div class=\"elementor-element elementor-element-1be18a7 elementor-widget elementor-widget-heading\" data-id=\"1be18a7\" data-element_type=\"widget\" data-e-type=\"widget\" data-widget_type=\"heading.default\">\n\t\t\t\t\t<h2 class=\"elementor-heading-title elementor-size-default\">Quelques unes de mes r\u00e9alisations<\/h2>\t\t\t\t<\/div>\n\t\t\t\t\t<\/div>\n\t\t\t\t<\/div>\n\t\t<div class=\"elementor-element elementor-element-5a0b8c8 e-flex e-con-boxed wpr-particle-no wpr-jarallax-no wpr-parallax-no wpr-sticky-section-no wpr-equal-height-no e-con e-parent\" data-id=\"5a0b8c8\" data-element_type=\"container\" data-e-type=\"container\">\n\t\t\t\t\t<div class=\"e-con-inner\">\n\t\t\t\t<div class=\"elementor-element elementor-element-6b1aaf9 wpr-adv-slider-columns-2 wpr-adv-slider-columns--tablet1 wpr-adv-slider-columns--mobile1 wpr-adv-slides-to-scroll-1 wpr-slider-dots-horizontal elementor-widget elementor-widget-wpr-advanced-slider\" data-id=\"6b1aaf9\" data-element_type=\"widget\" data-e-type=\"widget\" data-settings=\"{&quot;slider_amount&quot;:&quot;2&quot;,&quot;slider_amount_tablet&quot;:1,&quot;slider_amount_mobile&quot;:1,&quot;slides_to_scroll&quot;:1,&quot;slider_loop&quot;:&quot;yes&quot;,&quot;slider_hide_video_content&quot;:&quot;yes&quot;,&quot;slider_video_btn_size&quot;:&quot;medium&quot;}\" data-widget_type=\"wpr-advanced-slider.default\">\n\t\t\t\t\t\n\t\t<!-- Advanced Slider -->\n\t\t<div class=\"wpr-advanced-slider-wrap\">\n\t\t\t\n\t\t\t<div class=\"wpr-advanced-slider\" dir=\"ltr\" data-slick=\"{&quot;rtl&quot;:false,&quot;infinite&quot;:true,&quot;speed&quot;:700,&quot;arrows&quot;:true,&quot;dots&quot;:true,&quot;autoplay&quot;:false,&quot;autoplaySpeed&quot;:1000,&quot;pauseOnHover&quot;:&quot;&quot;,&quot;prevArrow&quot;:&quot;#wpr-slider-prev-6b1aaf9&quot;,&quot;nextArrow&quot;:&quot;#wpr-slider-next-6b1aaf9&quot;,&quot;vertical&quot;:false,&quot;adaptiveHeight&quot;:true}\" data-hide-video-content=\"yes\" data-video-btn-size=\"{&quot;widescreen&quot;:&quot;medium&quot;,&quot;desktop&quot;:&quot;medium&quot;,&quot;laptop&quot;:&quot;medium&quot;,&quot;tablet_extra&quot;:&quot;medium&quot;,&quot;tablet&quot;:&quot;medium&quot;,&quot;mobile_extra&quot;:&quot;medium&quot;,&quot;mobile&quot;:&quot;medium&quot;}\" data-slide-effect=\"slide\">\n\t\t\t\t<div class=\"wpr-slider-item elementor-repeater-item-ae212b2\"><div class=\"wpr-slider-item-bg \" style=\"background-image: url(https:\/\/augier-vial-sharleen.mmigrenoble-dev.fr\/wp-content\/uploads\/2026\/04\/mon-petit-jardin-scaled.jpg)\"><\/div><div class=\"wpr-cv-container\"><div class=\"wpr-cv-outer\"><div class=\"wpr-cv-inner\"><div class=\"wpr-slider-item-overlay\"><\/div><div class=\"wpr-slider-content\"><div class=\"wpr-slider-title\"><h2>Mon Petit Jardin<\/h2><\/div><div class=\"wpr-slider-description\"><p>Identit\u00e9 visuelle pour un p\u00e9pinieriste fictif<\/p><\/div><div class=\"wpr-slider-btns\"><a class=\"wpr-slider-primary-btn\" href=\"https:\/\/augier-vial-sharleen.mmigrenoble-dev.fr\/?page_id=146\">Int\u00e9ress\u00e9 ?<\/a><\/div><\/div><\/div><\/div><\/div><\/div><div class=\"wpr-slider-item elementor-repeater-item-d577a14\"><div class=\"wpr-slider-item-bg \" style=\"background-image: url(https:\/\/augier-vial-sharleen.mmigrenoble-dev.fr\/wp-content\/uploads\/2026\/04\/brochure-bretagne.jpg)\"><\/div><div class=\"wpr-cv-container\"><div class=\"wpr-cv-outer\"><div class=\"wpr-cv-inner\"><div class=\"wpr-slider-item-overlay\"><\/div><div class=\"wpr-slider-content\"><div class=\"wpr-slider-title\"><h2>Bretagne<\/h2><\/div><div class=\"wpr-slider-description\"><p>Identit\u00e9 visuelle pour la r\u00e9gion de Bretagne<\/p><\/div><div class=\"wpr-slider-btns\"><a class=\"wpr-slider-primary-btn\" href=\"https:\/\/augier-vial-sharleen.mmigrenoble-dev.fr\/?page_id=156\">Int\u00e9ress\u00e9 ?<\/a><\/div><\/div><\/div><\/div><\/div><\/div><div class=\"wpr-slider-item elementor-repeater-item-617b306\"><div class=\"wpr-slider-item-bg \" style=\"background-image: url(https:\/\/augier-vial-sharleen.mmigrenoble-dev.fr\/wp-content\/uploads\/2026\/04\/augier-vial-une-le-monde-complete-scaled.jpg)\"><\/div><div class=\"wpr-cv-container\"><div class=\"wpr-cv-outer\"><div class=\"wpr-cv-inner\"><div class=\"wpr-slider-item-overlay\"><\/div><div class=\"wpr-slider-content\"><div class=\"wpr-slider-title\"><h2>Une Le Monde<\/h2><\/div><div class=\"wpr-slider-description\"><p>La Une du journal Le Monde, avec des articles du Gorafi<\/p><\/div><div class=\"wpr-slider-btns\"><a class=\"wpr-slider-primary-btn\" href=\"https:\/\/augier-vial-sharleen.mmigrenoble-dev.fr\/?page_id=158\">Int\u00e9ress\u00e9 ?<\/a><\/div><\/div><\/div><\/div><\/div><\/div>\t\t\t<\/div>\n\t\t\t<div class=\"wpr-slider-controls\">\n\t\t\t\t<div class=\"wpr-slider-dots\"><\/div>\n\t\t\t<\/div>\n\n\t\t\t<div class=\"wpr-slider-arrow-container\">\n\t\t\t\t<div class=\"wpr-slider-prev-arrow wpr-slider-arrow\" id=\"wpr-slider-prev-6b1aaf9\">\n\t\t\t\t\t<svg version=\"1.1\" xmlns=\"http:\/\/www.w3.org\/2000\/svg\" xmlns:xlink=\"http:\/\/www.w3.org\/1999\/xlink\" x=\"0px\" y=\"0px\" viewBox=\"0 0 283.4 512\" style=\"enable-background:new 0 0 283.4 512;\" xml:space=\"preserve\"><g><polygon class=\"st0\" points=\"54.5,256.3 283.4,485.1 256.1,512.5 0,256.3 0,256.3 27.2,229 256.1,0 283.4,27.4 \"\/><\/g><\/svg>\t\t\t\t<\/div>\n\t\t\t\t<div class=\"wpr-slider-next-arrow wpr-slider-arrow\" id=\"wpr-slider-next-6b1aaf9\">\n\t\t\t\t\t<svg version=\"1.1\" xmlns=\"http:\/\/www.w3.org\/2000\/svg\" xmlns:xlink=\"http:\/\/www.w3.org\/1999\/xlink\" x=\"0px\" y=\"0px\" viewBox=\"0 0 283.4 512\" style=\"enable-background:new 0 0 283.4 512;\" xml:space=\"preserve\"><g><polygon class=\"st0\" points=\"54.5,256.3 283.4,485.1 256.1,512.5 0,256.3 0,256.3 27.2,229 256.1,0 283.4,27.4 \"\/><\/g><\/svg>\t\t\t\t<\/div>\n\t\t\t<\/div>\n\t\t\t\n\t\t\t\n\t\t<\/div>\n\t\t\t\t\t\t<\/div>\n\t\t\t\t\t<\/div>\n\t\t\t\t<\/div>\n\t\t\t\t<\/div>\n\t\t","protected":false},"excerpt":{"rendered":"<p>Sharleen Augier-Vial Future Graphiste re Graph Quelques unes de mes r\u00e9alisations Mon Petit Jardin Identit\u00e9 visuelle pour un p\u00e9pinieriste fictif Int\u00e9ress\u00e9 ? Bretagne Identit\u00e9 visuelle pour la r\u00e9gion de Bretagne Int\u00e9ress\u00e9 ? Une Le Monde La Une du journal Le Monde, avec des articles du Gorafi Int\u00e9ress\u00e9 ?<\/p>\n","protected":false},"author":4,"featured_media":0,"parent":0,"menu_order":0,"comment_status":"closed","ping_status":"closed","template":"","meta":{"footnotes":""},"class_list":["post-21","page","type-page","status-publish","hentry"],"_links":{"self":[{"href":"https:\/\/augier-vial-sharleen.mmigrenoble-dev.fr\/index.php?rest_route=\/wp\/v2\/pages\/21","targetHints":{"allow":["GET"]}}],"collection":[{"href":"https:\/\/augier-vial-sharleen.mmigrenoble-dev.fr\/index.php?rest_route=\/wp\/v2\/pages"}],"about":[{"href":"https:\/\/augier-vial-sharleen.mmigrenoble-dev.fr\/index.php?rest_route=\/wp\/v2\/types\/page"}],"author":[{"embeddable":true,"href":"https:\/\/augier-vial-sharleen.mmigrenoble-dev.fr\/index.php?rest_route=\/wp\/v2\/users\/4"}],"replies":[{"embeddable":true,"href":"https:\/\/augier-vial-sharleen.mmigrenoble-dev.fr\/index.php?rest_route=%2Fwp%2Fv2%2Fcomments&post=21"}],"version-history":[{"count":17,"href":"https:\/\/augier-vial-sharleen.mmigrenoble-dev.fr\/index.php?rest_route=\/wp\/v2\/pages\/21\/revisions"}],"predecessor-version":[{"id":243,"href":"https:\/\/augier-vial-sharleen.mmigrenoble-dev.fr\/index.php?rest_route=\/wp\/v2\/pages\/21\/revisions\/243"}],"wp:attachment":[{"href":"https:\/\/augier-vial-sharleen.mmigrenoble-dev.fr\/index.php?rest_route=%2Fwp%2Fv2%2Fmedia&parent=21"}],"curies":[{"name":"wp","href":"https:\/\/api.w.org\/{rel}","templated":true}]}}